{"id":46,"date":"2014-11-26T14:14:07","date_gmt":"2014-11-26T14:14:07","guid":{"rendered":"http:\/\/themes.muffingroup.com\/be\/pr\/?page_id=46"},"modified":"2023-02-02T08:19:08","modified_gmt":"2023-02-02T07:19:08","slug":"contact","status":"publish","type":"page","link":"https:\/\/www.securis-conseil.com\/wp\/contact\/","title":{"rendered":"CONTACT"},"content":{"rendered":"\n[et_pb_section fb_built=\u00a0\u00bb1&Prime; _builder_version=\u00a0\u00bb4.19.4&Prime; _module_preset=\u00a0\u00bbdefault\u00a0\u00bb background_color=\u00a0\u00bb#E9EFF3&Prime; top_divider_style=\u00a0\u00bbslant\u00a0\u00bb top_divider_color=\u00a0\u00bb#C20E1A\u00a0\u00bb top_divider_height=\u00a0\u00bb16px\u00a0\u00bb top_divider_flip=\u00a0\u00bbhorizontal\u00a0\u00bb global_colors_info=\u00a0\u00bb{}\u00a0\u00bb][et_pb_row _builder_version=\u00a0\u00bb4.17.6&Prime; _module_preset=\u00a0\u00bbdefault\u00a0\u00bb global_colors_info=\u00a0\u00bb{}\u00a0\u00bb][et_pb_column type=\u00a0\u00bb4_4&Prime; _builder_version=\u00a0\u00bb4.17.6&Prime; _module_preset=\u00a0\u00bbdefault\u00a0\u00bb global_colors_info=\u00a0\u00bb{}\u00a0\u00bb][et_pb_text _builder_version=\u00a0\u00bb4.17.6&Prime; _module_preset=\u00a0\u00bbdefault\u00a0\u00bb header_font=\u00a0\u00bbRed Hat Display|900|||||||\u00a0\u00bb header_text_color=\u00a0\u00bb#2C4491&Prime; header_font_size=\u00a0\u00bb35px\u00a0\u00bb global_colors_info=\u00a0\u00bb{}\u00a0\u00bb]<h1>Comment S\u00e9curis peut vous aider ?<\/h1>[\/et_pb_text][\/et_pb_column][\/et_pb_row][et_pb_row column_structure=\u00a0\u00bb1_3,1_3,1_3&Prime; _builder_version=\u00a0\u00bb4.17.6&Prime; _module_preset=\u00a0\u00bbdefault\u00a0\u00bb global_colors_info=\u00a0\u00bb{}\u00a0\u00bb][et_pb_column type=\u00a0\u00bb1_3&Prime; _builder_version=\u00a0\u00bb4.17.6&Prime; _module_preset=\u00a0\u00bbdefault\u00a0\u00bb global_colors_info=\u00a0\u00bb{}\u00a0\u00bb][et_pb_text _builder_version=\u00a0\u00bb4.17.6&Prime; _module_preset=\u00a0\u00bbdefault\u00a0\u00bb text_font=\u00a0\u00bbRed Hat Display||on||||||\u00a0\u00bb text_font_size=\u00a0\u00bb18px\u00a0\u00bb global_colors_info=\u00a0\u00bb{}\u00a0\u00bb]<p>Vous recherchez une <a href=\"https:\/\/www.securis-conseil.com\/wp\/\"><strong>agence de s\u00e9curit\u00e9 priv\u00e9e<\/strong><\/a> pour partenaire, vous avez un besoin pour s\u00e9curiser un \u00e9v\u00e9nement, un local professionnel\u00a0 ou vous cherchez \u00e0 vous mettre en conformit\u00e9 sur la s\u00e9curit\u00e9 incendie ?<br \/>Vous trouverez sur cette page tous les outils pour nous contacter ou nous trouver facilement.<\/p>[\/et_pb_text][\/et_pb_column][et_pb_column type=\u00a0\u00bb1_3&Prime; _builder_version=\u00a0\u00bb4.17.6&Prime; _module_preset=\u00a0\u00bbdefault\u00a0\u00bb global_colors_info=\u00a0\u00bb{}\u00a0\u00bb][et_pb_text _builder_version=\u00a0\u00bb4.17.6&Prime; _module_preset=\u00a0\u00bbdefault\u00a0\u00bb header_2_font=\u00a0\u00bbRed Hat Display|700|||||||\u00a0\u00bb global_colors_info=\u00a0\u00bb{}\u00a0\u00bb]<h2 style=\"text-align: center;\">Nos bureaux sont ouverts<br \/>du lundi au vendredi<br \/>de 9 \u00e0 18 h<\/h2>[\/et_pb_text][et_pb_icon font_icon=\u00a0\u00bb&#xf21d;||fa||900&Prime; icon_color=\u00a0\u00bb#FFFFFF\u00a0\u00bb icon_width=\u00a0\u00bb57px\u00a0\u00bb url=\u00a0\u00bb#carte\u00a0\u00bb module_class=\u00a0\u00bbbtn-phone\u00a0\u00bb _builder_version=\u00a0\u00bb4.17.6&Prime; _module_preset=\u00a0\u00bbdefault\u00a0\u00bb background_color=\u00a0\u00bb#C20E1A\u00a0\u00bb custom_margin=\u00a0\u00bb||8px|||\u00a0\u00bb custom_padding=\u00a0\u00bb||||false|false\u00a0\u00bb animation_style=\u00a0\u00bbzoom\u00a0\u00bb global_colors_info=\u00a0\u00bb{}\u00a0\u00bb][\/et_pb_icon][et_pb_text _builder_version=\u00a0\u00bb4.17.6&Prime; _module_preset=\u00a0\u00bbdefault\u00a0\u00bb text_font=\u00a0\u00bbRed Hat Display||||||||\u00a0\u00bb custom_margin=\u00a0\u00bb0px||||false|false\u00a0\u00bb custom_padding=\u00a0\u00bb0px||||false|false\u00a0\u00bb global_colors_info=\u00a0\u00bb{}\u00a0\u00bb]<p style=\"text-align: center;\">Nous trouver facilement<\/p>[\/et_pb_text][\/et_pb_column][et_pb_column type=\u00a0\u00bb1_3&Prime; _builder_version=\u00a0\u00bb4.17.6&Prime; _module_preset=\u00a0\u00bbdefault\u00a0\u00bb global_colors_info=\u00a0\u00bb{}\u00a0\u00bb][et_pb_text _builder_version=\u00a0\u00bb4.17.6&Prime; _module_preset=\u00a0\u00bbdefault\u00a0\u00bb header_2_font=\u00a0\u00bbRed Hat Display|700|||||||\u00a0\u00bb global_colors_info=\u00a0\u00bb{}\u00a0\u00bb]<h2 style=\"text-align: center;\">Astreinte<br \/>d&rsquo;urgence<br \/>24h\/24 &#8211; 7j\/7<\/h2>[\/et_pb_text][et_pb_icon font_icon=\u00a0\u00bb&#xe00b;||divi||400&Prime; icon_color=\u00a0\u00bb#FFFFFF\u00a0\u00bb icon_width=\u00a0\u00bb57px\u00a0\u00bb url=\u00a0\u00bbtel:0671010947&Prime; module_class=\u00a0\u00bbbtn-phone\u00a0\u00bb _builder_version=\u00a0\u00bb4.17.6&Prime; _module_preset=\u00a0\u00bbdefault\u00a0\u00bb background_color=\u00a0\u00bb#C20E1A\u00a0\u00bb custom_margin=\u00a0\u00bb||8px||false|false\u00a0\u00bb custom_padding=\u00a0\u00bb||||false|false\u00a0\u00bb animation_style=\u00a0\u00bbzoom\u00a0\u00bb global_colors_info=\u00a0\u00bb{}\u00a0\u00bb][\/et_pb_icon][et_pb_text _builder_version=\u00a0\u00bb4.17.6&Prime; _module_preset=\u00a0\u00bbdefault\u00a0\u00bb text_font=\u00a0\u00bbRed Hat Display||||||||\u00a0\u00bb custom_margin=\u00a0\u00bb0px||||false|false\u00a0\u00bb custom_padding=\u00a0\u00bb0px||||false|false\u00a0\u00bb global_colors_info=\u00a0\u00bb{}\u00a0\u00bb]<p style=\"text-align: center;\">Nous contacter pour une urgence<\/p>[\/et_pb_text][\/et_pb_column][\/et_pb_row][et_pb_row _builder_version=\u00a0\u00bb4.17.6&Prime; _module_preset=\u00a0\u00bbdefault\u00a0\u00bb global_colors_info=\u00a0\u00bb{}\u00a0\u00bb][et_pb_column type=\u00a0\u00bb4_4&Prime; _builder_version=\u00a0\u00bb4.17.6&Prime; _module_preset=\u00a0\u00bbdefault\u00a0\u00bb global_colors_info=\u00a0\u00bb{}\u00a0\u00bb][et_pb_divider color=\u00a0\u00bb#2C4491&Prime; _builder_version=\u00a0\u00bb4.17.6&Prime; _module_preset=\u00a0\u00bbdefault\u00a0\u00bb global_colors_info=\u00a0\u00bb{}\u00a0\u00bb][\/et_pb_divider][\/et_pb_column][\/et_pb_row][et_pb_row column_structure=\u00a0\u00bb2_3,1_3&Prime; _builder_version=\u00a0\u00bb4.17.6&Prime; _module_preset=\u00a0\u00bbdefault\u00a0\u00bb custom_padding=\u00a0\u00bb8px|||||\u00a0\u00bb global_colors_info=\u00a0\u00bb{}\u00a0\u00bb][et_pb_column type=\u00a0\u00bb2_3&Prime; _builder_version=\u00a0\u00bb4.17.6&Prime; _module_preset=\u00a0\u00bbdefault\u00a0\u00bb global_colors_info=\u00a0\u00bb{}\u00a0\u00bb][et_pb_code _builder_version=\u00a0\u00bb4.17.6&Prime; _module_preset=\u00a0\u00bbdefault\u00a0\u00bb global_colors_info=\u00a0\u00bb{}\u00a0\u00bb]<div class=\"wpforms-container wpforms-container-full\" id=\"wpforms-797\"><form id=\"wpforms-form-797\" class=\"wpforms-validate wpforms-form wpforms-ajax-form\" data-formid=\"797\" method=\"post\" enctype=\"multipart\/form-data\" action=\"\/wp\/wp-json\/wp\/v2\/pages\/46\" data-token=\"4c464571b509b8510e41587be16671a6\" data-token-time=\"1776480354\"><noscript class=\"wpforms-error-noscript\">Veuillez activer JavaScript dans votre navigateur pour remplir ce formulaire.<\/noscript><div class=\"wpforms-field-container\"><div id=\"wpforms-797-field_3-container\" class=\"wpforms-field wpforms-field-radio wpforms-list-inline\" data-field-id=\"3\"><label class=\"wpforms-field-label wpforms-label-hide\">Genre <span class=\"wpforms-required-label\">*<\/span><\/label><ul id=\"wpforms-797-field_3\" class=\"wpforms-field-required\"><li class=\"choice-1 depth-1\"><input type=\"radio\" id=\"wpforms-797-field_3_1\" name=\"wpforms[fields][3]\" value=\"Madame\" required ><label class=\"wpforms-field-label-inline\" for=\"wpforms-797-field_3_1\">Madame<\/label><\/li><li class=\"choice-2 depth-1\"><input type=\"radio\" id=\"wpforms-797-field_3_2\" name=\"wpforms[fields][3]\" value=\"Monsieur\" required ><label class=\"wpforms-field-label-inline\" for=\"wpforms-797-field_3_2\">Monsieur<\/label><\/li><\/ul><\/div><div id=\"wpforms-797-field_0-container\" class=\"wpforms-field wpforms-field-name\" data-field-id=\"0\"><label class=\"wpforms-field-label wpforms-label-hide\">Name <span class=\"wpforms-required-label\">*<\/span><\/label><div class=\"wpforms-field-row wpforms-field-large\"><div class=\"wpforms-field-row-block wpforms-first wpforms-one-half\"><input type=\"text\" id=\"wpforms-797-field_0\" class=\"wpforms-field-name-first wpforms-field-required\" name=\"wpforms[fields][0][first]\" required><label for=\"wpforms-797-field_0\" class=\"wpforms-field-sublabel after\">Pr\u00e9nom<\/label><\/div><div class=\"wpforms-field-row-block wpforms-one-half\"><input type=\"text\" id=\"wpforms-797-field_0-last\" class=\"wpforms-field-name-last wpforms-field-required\" name=\"wpforms[fields][0][last]\" required><label for=\"wpforms-797-field_0-last\" class=\"wpforms-field-sublabel after\">Nom<\/label><\/div><\/div><\/div><div id=\"wpforms-797-field_4-container\" class=\"wpforms-field wpforms-field-text wpforms-one-half wpforms-first\" data-field-id=\"4\"><label class=\"wpforms-field-label\" for=\"wpforms-797-field_4\">Votre soci\u00e9t\u00e9 <span class=\"wpforms-required-label\">*<\/span><\/label><input type=\"text\" id=\"wpforms-797-field_4\" class=\"wpforms-field-large wpforms-field-required\" name=\"wpforms[fields][4]\" required><\/div><div id=\"wpforms-797-field_5-container\" class=\"wpforms-field wpforms-field-text wpforms-one-half\" data-field-id=\"5\"><label class=\"wpforms-field-label\" for=\"wpforms-797-field_5\">Ville<\/label><input type=\"text\" id=\"wpforms-797-field_5\" class=\"wpforms-field-large\" name=\"wpforms[fields][5]\" ><\/div><div id=\"wpforms-797-field_1-container\" class=\"wpforms-field wpforms-field-email wpforms-one-half wpforms-first\" data-field-id=\"1\"><label class=\"wpforms-field-label\" for=\"wpforms-797-field_1\">Votre adresse mail <span class=\"wpforms-required-label\">*<\/span><\/label><input type=\"email\" id=\"wpforms-797-field_1\" class=\"wpforms-field-large wpforms-field-required\" name=\"wpforms[fields][1]\" spellcheck=\"false\" required><\/div><div id=\"wpforms-797-field_6-container\" class=\"wpforms-field wpforms-field-phone wpforms-one-half\" data-field-id=\"6\"><label class=\"wpforms-field-label\" for=\"wpforms-797-field_6\">Votre N\u00b0 de t\u00e9l\u00e9phone <span class=\"wpforms-required-label\">*<\/span><\/label><input type=\"tel\" id=\"wpforms-797-field_6\" class=\"wpforms-field-large wpforms-field-required\" data-rule-int-phone-field=\"true\" name=\"wpforms[fields][6]\" aria-label=\"Votre N\u00b0 de t\u00e9l\u00e9phone\" required><\/div><div id=\"wpforms-797-field_7-container\" class=\"wpforms-field wpforms-field-select wpforms-one-half wpforms-firstwpforms-one-third wpforms-first wpforms-field-select-style-modern\" data-field-id=\"7\"><label class=\"wpforms-field-label\" for=\"wpforms-797-field_7\">Quel service voulez-vous contacter ? <span class=\"wpforms-required-label\">*<\/span><\/label><select id=\"wpforms-797-field_7\" class=\"wpforms-field-large wpforms-field-required choicesjs-select\" data-size-class=\"wpforms-field-row wpforms-field-large\" data-search-enabled=\"\" name=\"wpforms[fields][7]\" required=\"required\"><option value=\"\" class=\"placeholder\" disabled  selected='selected'><\/option><option value=\"Direction\"  class=\"choice-1 depth-1\"  >Direction<\/option><option value=\"Commercial\"  class=\"choice-2 depth-1\"  >Commercial<\/option><option value=\"Exploitation\"  class=\"choice-3 depth-1\"  >Exploitation<\/option><option value=\"Ressources Humaines\"  class=\"choice-4 depth-1\"  >Ressources Humaines<\/option><option value=\"Qualit\u00e9\"  class=\"choice-5 depth-1\"  >Qualit\u00e9<\/option><\/select><\/div><div id=\"wpforms-797-field_2-container\" class=\"wpforms-field wpforms-field-textarea wpforms-one-half wpforms-one-halfwpforms-two-thirds\" data-field-id=\"2\"><label class=\"wpforms-field-label\" for=\"wpforms-797-field_2\">En quoi pouvons-nous vous aider ? <span class=\"wpforms-required-label\">*<\/span><\/label><textarea id=\"wpforms-797-field_2\" class=\"wpforms-field-large wpforms-field-required\" name=\"wpforms[fields][2]\" required><\/textarea><\/div><div id=\"wpforms-797-field_8-container\" class=\"wpforms-field wpforms-field-checkbox\" data-field-id=\"8\"><label class=\"wpforms-field-label\">Cases \u00e0 cocher<\/label><ul id=\"wpforms-797-field_8\"><li class=\"choice-1 depth-1\"><input type=\"checkbox\" id=\"wpforms-797-field_8_1\" name=\"wpforms[fields][8][]\" value=\"J&#039;ai bien compris les termes du texte sur les donn\u00e9es personnelles et j&#039;autorise S\u00e9curis \u00e0 utiliser mes donn\u00e9es. Cocher la case ci-contre avant de cliquer sur envoyer\"  ><label class=\"wpforms-field-label-inline\" for=\"wpforms-797-field_8_1\">J'ai bien compris les termes du texte sur les donn\u00e9es personnelles et j'autorise S\u00e9curis \u00e0 utiliser mes donn\u00e9es. Cocher la case ci-contre avant de cliquer sur envoyer<\/label><\/li><\/ul><\/div><\/div><!-- .wpforms-field-container --><div class=\"wpforms-recaptcha-container wpforms-is-recaptcha wpforms-is-recaptcha-type-v2\" ><div class=\"g-recaptcha\" data-sitekey=\"6Lekd5EqAAAAADwoK_7t5JnnUvZvAM3gHLCAWp0e\"><\/div><input type=\"text\" name=\"g-recaptcha-hidden\" class=\"wpforms-recaptcha-hidden\" style=\"position:absolute!important;clip:rect(0,0,0,0)!important;height:1px!important;width:1px!important;border:0!important;overflow:hidden!important;padding:0!important;margin:0!important;\" data-rule-recaptcha=\"1\"><\/div><div class=\"wpforms-submit-container\" ><input type=\"hidden\" name=\"wpforms[id]\" value=\"797\"><input type=\"hidden\" name=\"page_title\" value=\"\"><input type=\"hidden\" name=\"page_url\" value=\"https:\/\/www.securis-conseil.com\/wp\/wp-json\/wp\/v2\/pages\/46\"><input type=\"hidden\" name=\"url_referer\" value=\"\"><button type=\"submit\" name=\"wpforms[submit]\" id=\"wpforms-submit-797\" class=\"wpforms-submit\" data-alt-text=\"Envoi en cours...\" data-submit-text=\"ENVOYER\" aria-live=\"assertive\" value=\"wpforms-submit\">ENVOYER<\/button><img loading=\"lazy\" decoding=\"async\" src=\"https:\/\/www.securis-conseil.com\/wp\/wp-content\/plugins\/wpforms\/assets\/images\/submit-spin.svg\" class=\"wpforms-submit-spinner\" style=\"display: none;\" width=\"26\" height=\"26\" alt=\"Chargement en cours\"><\/div><\/form><\/div>  <!-- .wpforms-container -->[\/et_pb_code][\/et_pb_column][et_pb_column type=\u00a0\u00bb1_3&Prime; _builder_version=\u00a0\u00bb4.17.6&Prime; _module_preset=\u00a0\u00bbdefault\u00a0\u00bb global_colors_info=\u00a0\u00bb{}\u00a0\u00bb][et_pb_text _builder_version=\u00a0\u00bb4.19.4&Prime; _module_preset=\u00a0\u00bbdefault\u00a0\u00bb global_colors_info=\u00a0\u00bb{}\u00a0\u00bb]<p><strong><span style=\"color: #c20e1a;\">DONNEES PERSONNELLES \u2022 AVERTISSEMENT<\/span><\/strong><\/p>\n<p>Les informations recueillies sur ce formulaire sont enregistr\u00e9es dans un fichier informatis\u00e9 par S\u00e9curis conseil pour la gestion de votre demande. Elles sont conserv\u00e9es pendant 1 an maximum si vous \u00eates un contact inactif et sont destin\u00e9es au service commercial.<br \/>Conform\u00e9ment \u00e0 la loi \u00ab\u00a0informatique et libert\u00e9s\u00a0\u00bb, vous pouvez exercer votre droit d\u2019acc\u00e8s aux donn\u00e9es vous concernant et les faire rectifier en contactant :<br \/><strong><a href=\"mailto:contact@securis-conseil.com\">contact@securis-conseil.com<\/a><\/strong><br \/>Nous vous informons de l\u2019existence de la liste d\u2019opposition au d\u00e9marchage t\u00e9l\u00e9phonique \u00ab\u00a0Bloctel\u00a0\u00bb, sur laquelle vous pouvez vous inscrire ici : https:\/\/conso.bloctel.fr\/<\/p>[\/et_pb_text][\/et_pb_column][\/et_pb_row][\/et_pb_section][et_pb_section fb_built=\u00a0\u00bb1&Prime; fullwidth=\u00a0\u00bbon\u00a0\u00bb module_id=\u00a0\u00bbcarte\u00a0\u00bb _builder_version=\u00a0\u00bb4.19.4&Prime; _module_preset=\u00a0\u00bbdefault\u00a0\u00bb custom_margin=\u00a0\u00bb0px||0px||false|false\u00a0\u00bb custom_padding=\u00a0\u00bb0px||0px||false|false\u00a0\u00bb bottom_divider_style=\u00a0\u00bbslant\u00a0\u00bb bottom_divider_color=\u00a0\u00bb#222222&Prime; bottom_divider_height=\u00a0\u00bb50px\u00a0\u00bb bottom_divider_flip=\u00a0\u00bbhorizontal\u00a0\u00bb global_colors_info=\u00a0\u00bb{}\u00a0\u00bb][et_pb_fullwidth_code _builder_version=\u00a0\u00bb4.17.6&Prime; _module_preset=\u00a0\u00bbdefault\u00a0\u00bb global_colors_info=\u00a0\u00bb{}\u00a0\u00bb]<iframe src=\"https:\/\/www.google.com\/maps\/embed?pb=!1m18!1m12!1m3!1d2673.5887830537044!2d1.9093916519868905!3d47.924993679104894!2m3!1f0!2f0!3f0!3m2!1i1024!2i768!4f13.1!3m3!1m2!1s0x47e4fa93fc3023d5%3A0xd7d84db746df8dd0!2sSECURIS%20CONSEIL!5e0!3m2!1sfr!2sfr!4v1659093126564!5m2!1sfr!2sfr\" width=\"100%\" height=\"500\" style=\"border:0;\" allowfullscreen=\"\" loading=\"lazy\" referrerpolicy=\"no-referrer-when-downgrade\"><\/iframe>[\/et_pb_fullwidth_code][\/et_pb_section]\n","protected":false},"excerpt":{"rendered":"<p>Comment S\u00e9curis peut vous aider ?Vous recherchez une agence de s\u00e9curit\u00e9 priv\u00e9e pour partenaire, vous avez un besoin pour s\u00e9curiser un \u00e9v\u00e9nement, un local professionnel\u00a0 ou vous cherchez \u00e0 vous mettre en conformit\u00e9 sur la s\u00e9curit\u00e9 incendie ?Vous trouverez sur cette page tous les outils pour nous contacter ou nous trouver facilement.Nos bureaux sont ouvertsdu [&hellip;]<\/p>\n","protected":false},"author":5,"featured_media":0,"parent":0,"menu_order":0,"comment_status":"open","ping_status":"open","template":"","meta":{"_et_pb_use_builder":"on","_et_pb_old_content":"","_et_gb_content_width":"","inline_featured_image":false,"footnotes":""},"class_list":["post-46","page","type-page","status-publish","hentry"],"yoast_head":"<!-- This site is optimized with the Yoast SEO plugin v26.8 - https:\/\/yoast.com\/product\/yoast-seo-wordpress\/ -->\n<title>Contactez l&#039;agence de s\u00e9curit\u00e9 | S\u00e9curis<\/title>\n<meta name=\"description\" content=\"horaires du bureau, appel d&#039;astreinte, formulaire de contact, itin\u00e9raire pour nous trouver,... Vous disposez de toute les infos ici\" \/>\n<meta name=\"robots\" content=\"index, follow, max-snippet:-1, max-image-preview:large, max-video-preview:-1\" \/>\n<link rel=\"canonical\" href=\"https:\/\/www.securis-conseil.com\/wp\/contact\/\" \/>\n<meta property=\"og:locale\" content=\"fr_FR\" \/>\n<meta property=\"og:type\" content=\"article\" \/>\n<meta property=\"og:title\" content=\"Contactez l&#039;agence de s\u00e9curit\u00e9 | S\u00e9curis\" \/>\n<meta property=\"og:description\" content=\"horaires du bureau, appel d&#039;astreinte, formulaire de contact, itin\u00e9raire pour nous trouver,... Vous disposez de toute les infos ici\" \/>\n<meta property=\"og:url\" content=\"https:\/\/www.securis-conseil.com\/wp\/contact\/\" \/>\n<meta property=\"og:site_name\" content=\"S\u00e9curis Conseil\" \/>\n<meta property=\"article:publisher\" content=\"https:\/\/www.facebook.com\/securisconseil\" \/>\n<meta property=\"article:modified_time\" content=\"2023-02-02T07:19:08+00:00\" \/>\n<meta name=\"twitter:card\" content=\"summary_large_image\" \/>\n<meta name=\"twitter:label1\" content=\"Dur\u00e9e de lecture estim\u00e9e\" \/>\n\t<meta name=\"twitter:data1\" content=\"2 minutes\" \/>\n<script type=\"application\/ld+json\" class=\"yoast-schema-graph\">{\"@context\":\"https:\/\/schema.org\",\"@graph\":[{\"@type\":\"WebPage\",\"@id\":\"https:\/\/www.securis-conseil.com\/wp\/contact\/\",\"url\":\"https:\/\/www.securis-conseil.com\/wp\/contact\/\",\"name\":\"Contactez l'agence de s\u00e9curit\u00e9 | S\u00e9curis\",\"isPartOf\":{\"@id\":\"https:\/\/www.securis-conseil.com\/wp\/#website\"},\"datePublished\":\"2014-11-26T14:14:07+00:00\",\"dateModified\":\"2023-02-02T07:19:08+00:00\",\"description\":\"horaires du bureau, appel d'astreinte, formulaire de contact, itin\u00e9raire pour nous trouver,... Vous disposez de toute les infos ici\",\"breadcrumb\":{\"@id\":\"https:\/\/www.securis-conseil.com\/wp\/contact\/#breadcrumb\"},\"inLanguage\":\"fr-FR\",\"potentialAction\":[{\"@type\":\"ReadAction\",\"target\":[\"https:\/\/www.securis-conseil.com\/wp\/contact\/\"]}]},{\"@type\":\"BreadcrumbList\",\"@id\":\"https:\/\/www.securis-conseil.com\/wp\/contact\/#breadcrumb\",\"itemListElement\":[{\"@type\":\"ListItem\",\"position\":1,\"name\":\"Accueil\",\"item\":\"https:\/\/www.securis-conseil.com\/wp\/\"},{\"@type\":\"ListItem\",\"position\":2,\"name\":\"CONTACT\"}]},{\"@type\":\"WebSite\",\"@id\":\"https:\/\/www.securis-conseil.com\/wp\/#website\",\"url\":\"https:\/\/www.securis-conseil.com\/wp\/\",\"name\":\"S\u00e9curis Conseil\",\"description\":\"Agence de S\u00e9curit\u00e9 et surveillance en R\u00e9gion Centre-Val de Loire\",\"publisher\":{\"@id\":\"https:\/\/www.securis-conseil.com\/wp\/#organization\"},\"potentialAction\":[{\"@type\":\"SearchAction\",\"target\":{\"@type\":\"EntryPoint\",\"urlTemplate\":\"https:\/\/www.securis-conseil.com\/wp\/?s={search_term_string}\"},\"query-input\":{\"@type\":\"PropertyValueSpecification\",\"valueRequired\":true,\"valueName\":\"search_term_string\"}}],\"inLanguage\":\"fr-FR\"},{\"@type\":\"Organization\",\"@id\":\"https:\/\/www.securis-conseil.com\/wp\/#organization\",\"name\":\"S\u00e9curis\",\"url\":\"https:\/\/www.securis-conseil.com\/wp\/\",\"logo\":{\"@type\":\"ImageObject\",\"inLanguage\":\"fr-FR\",\"@id\":\"https:\/\/www.securis-conseil.com\/wp\/#\/schema\/logo\/image\/\",\"url\":\"https:\/\/www.securis-conseil.com\/wp\/wp-content\/uploads\/2022\/07\/agence-securite-gardiennage-1.svg\",\"contentUrl\":\"https:\/\/www.securis-conseil.com\/wp\/wp-content\/uploads\/2022\/07\/agence-securite-gardiennage-1.svg\",\"width\":200,\"height\":39,\"caption\":\"S\u00e9curis\"},\"image\":{\"@id\":\"https:\/\/www.securis-conseil.com\/wp\/#\/schema\/logo\/image\/\"},\"sameAs\":[\"https:\/\/www.facebook.com\/securisconseil\"]}]}<\/script>\n<!-- \/ Yoast SEO plugin. -->","yoast_head_json":{"title":"Contactez l'agence de s\u00e9curit\u00e9 | S\u00e9curis","description":"horaires du bureau, appel d'astreinte, formulaire de contact, itin\u00e9raire pour nous trouver,... Vous disposez de toute les infos ici","robots":{"index":"index","follow":"follow","max-snippet":"max-snippet:-1","max-image-preview":"max-image-preview:large","max-video-preview":"max-video-preview:-1"},"canonical":"https:\/\/www.securis-conseil.com\/wp\/contact\/","og_locale":"fr_FR","og_type":"article","og_title":"Contactez l'agence de s\u00e9curit\u00e9 | S\u00e9curis","og_description":"horaires du bureau, appel d'astreinte, formulaire de contact, itin\u00e9raire pour nous trouver,... Vous disposez de toute les infos ici","og_url":"https:\/\/www.securis-conseil.com\/wp\/contact\/","og_site_name":"S\u00e9curis Conseil","article_publisher":"https:\/\/www.facebook.com\/securisconseil","article_modified_time":"2023-02-02T07:19:08+00:00","twitter_card":"summary_large_image","twitter_misc":{"Dur\u00e9e de lecture estim\u00e9e":"2 minutes"},"schema":{"@context":"https:\/\/schema.org","@graph":[{"@type":"WebPage","@id":"https:\/\/www.securis-conseil.com\/wp\/contact\/","url":"https:\/\/www.securis-conseil.com\/wp\/contact\/","name":"Contactez l'agence de s\u00e9curit\u00e9 | S\u00e9curis","isPartOf":{"@id":"https:\/\/www.securis-conseil.com\/wp\/#website"},"datePublished":"2014-11-26T14:14:07+00:00","dateModified":"2023-02-02T07:19:08+00:00","description":"horaires du bureau, appel d'astreinte, formulaire de contact, itin\u00e9raire pour nous trouver,... Vous disposez de toute les infos ici","breadcrumb":{"@id":"https:\/\/www.securis-conseil.com\/wp\/contact\/#breadcrumb"},"inLanguage":"fr-FR","potentialAction":[{"@type":"ReadAction","target":["https:\/\/www.securis-conseil.com\/wp\/contact\/"]}]},{"@type":"BreadcrumbList","@id":"https:\/\/www.securis-conseil.com\/wp\/contact\/#breadcrumb","itemListElement":[{"@type":"ListItem","position":1,"name":"Accueil","item":"https:\/\/www.securis-conseil.com\/wp\/"},{"@type":"ListItem","position":2,"name":"CONTACT"}]},{"@type":"WebSite","@id":"https:\/\/www.securis-conseil.com\/wp\/#website","url":"https:\/\/www.securis-conseil.com\/wp\/","name":"S\u00e9curis Conseil","description":"Agence de S\u00e9curit\u00e9 et surveillance en R\u00e9gion Centre-Val de Loire","publisher":{"@id":"https:\/\/www.securis-conseil.com\/wp\/#organization"},"potentialAction":[{"@type":"SearchAction","target":{"@type":"EntryPoint","urlTemplate":"https:\/\/www.securis-conseil.com\/wp\/?s={search_term_string}"},"query-input":{"@type":"PropertyValueSpecification","valueRequired":true,"valueName":"search_term_string"}}],"inLanguage":"fr-FR"},{"@type":"Organization","@id":"https:\/\/www.securis-conseil.com\/wp\/#organization","name":"S\u00e9curis","url":"https:\/\/www.securis-conseil.com\/wp\/","logo":{"@type":"ImageObject","inLanguage":"fr-FR","@id":"https:\/\/www.securis-conseil.com\/wp\/#\/schema\/logo\/image\/","url":"https:\/\/www.securis-conseil.com\/wp\/wp-content\/uploads\/2022\/07\/agence-securite-gardiennage-1.svg","contentUrl":"https:\/\/www.securis-conseil.com\/wp\/wp-content\/uploads\/2022\/07\/agence-securite-gardiennage-1.svg","width":200,"height":39,"caption":"S\u00e9curis"},"image":{"@id":"https:\/\/www.securis-conseil.com\/wp\/#\/schema\/logo\/image\/"},"sameAs":["https:\/\/www.facebook.com\/securisconseil"]}]}},"_links":{"self":[{"href":"https:\/\/www.securis-conseil.com\/wp\/wp-json\/wp\/v2\/pages\/46","targetHints":{"allow":["GET"]}}],"collection":[{"href":"https:\/\/www.securis-conseil.com\/wp\/wp-json\/wp\/v2\/pages"}],"about":[{"href":"https:\/\/www.securis-conseil.com\/wp\/wp-json\/wp\/v2\/types\/page"}],"author":[{"embeddable":true,"href":"https:\/\/www.securis-conseil.com\/wp\/wp-json\/wp\/v2\/users\/5"}],"replies":[{"embeddable":true,"href":"https:\/\/www.securis-conseil.com\/wp\/wp-json\/wp\/v2\/comments?post=46"}],"version-history":[{"count":17,"href":"https:\/\/www.securis-conseil.com\/wp\/wp-json\/wp\/v2\/pages\/46\/revisions"}],"predecessor-version":[{"id":1358,"href":"https:\/\/www.securis-conseil.com\/wp\/wp-json\/wp\/v2\/pages\/46\/revisions\/1358"}],"wp:attachment":[{"href":"https:\/\/www.securis-conseil.com\/wp\/wp-json\/wp\/v2\/media?parent=46"}],"curies":[{"name":"wp","href":"https:\/\/api.w.org\/{rel}","templated":true}]}}